{"id":1115,"date":"2026-03-23T15:46:33","date_gmt":"2026-03-23T15:46:33","guid":{"rendered":"https:\/\/test.zimmerei-ratai.de\/?page_id=1115"},"modified":"2026-04-10T16:06:51","modified_gmt":"2026-04-10T16:06:51","slug":"alle-leistungen-im-uberblick","status":"publish","type":"page","link":"https:\/\/test.zimmerei-ratai.de\/index.php\/alle-leistungen-im-uberblick\/","title":{"rendered":"alle Leistungen im \u00dcberblick"},"content":{"rendered":"<p>[et_pb_section fb_built=&#8221;1&#8243; admin_label=&#8221;Texts&#8221; _builder_version=&#8221;4.16&#8243; _module_preset=&#8221;default&#8221; background_color=&#8221;#E9ECEB&#8221; custom_padding=&#8221;||0px|||&#8221; global_colors_info=&#8221;{}&#8221;][\/et_pb_section][et_pb_section fb_built=&#8221;1&#8243; admin_label=&#8221;Details&#8221; _builder_version=&#8221;4.16&#8243; _module_preset=&#8221;default&#8221; background_color=&#8221;#E9ECEB&#8221; custom_padding=&#8221;0px|||||&#8221; global_colors_info=&#8221;{}&#8221;][et_pb_row column_structure=&#8221;3_5,2_5&#8243; _builder_version=&#8221;4.16&#8243; _module_preset=&#8221;default&#8221; background_color=&#8221;#FFFFFF&#8221; custom_margin=&#8221;0vw|auto||auto|false|false&#8221; custom_margin_tablet=&#8221;-100px||||false|false&#8221; custom_margin_phone=&#8221;-80px||||false|false&#8221; custom_margin_last_edited=&#8221;off|desktop&#8221; custom_padding=&#8221;15px|15px|15px|15px|true|true&#8221; global_colors_info=&#8221;{}&#8221;][et_pb_column type=&#8221;3_5&#8243; _builder_version=&#8221;4.16&#8243; _module_preset=&#8221;default&#8221; custom_padding=&#8221;60px||60px|60px|true|false&#8221; custom_padding_tablet=&#8221;20px|10px|20px|10px|true|true&#8221; custom_padding_phone=&#8221;|0px||0px|true|true&#8221; custom_padding_last_edited=&#8221;on|tablet&#8221; global_colors_info=&#8221;{}&#8221;][et_pb_text _builder_version=&#8221;4.27.5&#8243; _module_preset=&#8221;32021f09-dd67-47fb-8f9a-832b72a38baf&#8221; text_text_color=&#8221;#E9D345&#8243; header_text_color=&#8221;#000000&#8243; header_2_font=&#8221;Urbanist|700|||||||&#8221; header_2_text_color=&#8221;#30534A&#8221; header_2_font_size=&#8221;56px&#8221; header_2_letter_spacing=&#8221;-0.02em&#8221; header_2_line_height=&#8221;1.2em&#8221; custom_margin=&#8221;||0px||false|false&#8221; custom_margin_tablet=&#8221;|0%||0%|false|false&#8221; custom_margin_phone=&#8221;|0%||0%|false|false&#8221; custom_margin_last_edited=&#8221;off|desktop&#8221; header_2_font_size_tablet=&#8221;32px&#8221; header_2_font_size_phone=&#8221;20px&#8221; header_2_font_size_last_edited=&#8221;on|phone&#8221; locked=&#8221;off&#8221; global_colors_info=&#8221;{}&#8221;]<\/p>\n<h2><strong>Zimmerei- und Holzbauleistungen im \u00dcberblick<\/strong><\/h2>\n<p>[\/et_pb_text][et_pb_text _builder_version=&#8221;4.27.5&#8243; _module_preset=&#8221;aec0be99-8a53-4f75-abf2-64f29a8b4cc2&#8243; text_font=&#8221;||||||||&#8221; text_font_size=&#8221;18px&#8221; text_line_height=&#8221;1.8em&#8221; text_font_size_tablet=&#8221;16px&#8221; text_font_size_phone=&#8221;14px&#8221; text_font_size_last_edited=&#8221;on|phone&#8221; locked=&#8221;off&#8221; global_colors_info=&#8221;{}&#8221;]<\/p>\n<p>Sie finden bei der Zimmerei Ratai ein breites Spektrum an Dienstleistungen. Wir verbinden traditionelles Handwerk mit modernen Techniken. Auf dieser Seite finden Sie eine \u00dcbersicht unserer Angebote, von der Planung &amp; Beratung \u00fcber Trockenbau bis zu speziellen Techniken wie Einblastechnik oder Asbestsanierung. Jeder Bereich ist mit weiteren Details auf einer Unterseite verlinkt und beschrieben.<\/p>\n<p>[\/et_pb_text][et_pb_image src=&#8221;https:\/\/test.zimmerei-ratai.de\/wp-content\/uploads\/2026\/02\/test.png&#8221; title_text=&#8221;test&#8221; _builder_version=&#8221;4.27.5&#8243; _module_preset=&#8221;default&#8221; global_colors_info=&#8221;{}&#8221;][\/et_pb_image][\/et_pb_column][et_pb_column type=&#8221;2_5&#8243; _builder_version=&#8221;4.16&#8243; _module_preset=&#8221;default&#8221; global_colors_info=&#8221;{}&#8221;][et_pb_accordion open_toggle_background_color=&#8221;rgba(233,211,69,0.5)&#8221; closed_toggle_background_color=&#8221;#E9D345&#8243; icon_color=&#8221;#30534A&#8221; use_icon_font_size=&#8221;on&#8221; icon_font_size=&#8221;24px&#8221; _builder_version=&#8221;4.27.5&#8243; _module_preset=&#8221;default&#8221; custom_margin=&#8221;50px|||||&#8221; animation_direction=&#8221;bottom&#8221; global_colors_info=&#8221;{}&#8221;][et_pb_accordion_item title=&#8221;ZIMMERREI&#8221; open=&#8221;on&#8221; _builder_version=&#8221;4.27.5&#8243; _module_preset=&#8221;default&#8221; global_colors_info=&#8221;{}&#8221;]<\/p>\n<p>Wir verbinden traditionelles Handwerk mit modernem Holzbau \u2013 von Dachst\u00fchlen bis zu Holzrahmenbauten. Jeder Auftrag ist einzigartig und pr\u00e4zise geplant. Entdecken Sie, wie wir Ihr Holzbauprojekt individuell umsetzen.<\/p>\n<p>[\/et_pb_accordion_item][et_pb_accordion_item title=&#8221;TROCKENBAU&#8221; _builder_version=&#8221;4.27.5&#8243; _module_preset=&#8221;default&#8221; global_colors_info=&#8221;{}&#8221; open=&#8221;off&#8221;]<\/p>\n<p>Mit Trockenbau k\u00f6nnen R\u00e4ume flexibel gestaltet und schnell fertiggestellt werden. Wir planen, montieren und veredeln Ihre W\u00e4nde und Decken nach Ma\u00df. Hier erfahren Sie mehr dazu.<\/p>\n<p>[\/et_pb_accordion_item][et_pb_accordion_item title=&#8221;DACHDECKEREI&#8221; _builder_version=&#8221;4.27.5&#8243; _module_preset=&#8221;default&#8221; global_colors_info=&#8221;{}&#8221; open=&#8221;off&#8221;]<\/p>\n<p>Von der Abdichtung bis zur kompletten Dacheindeckung: Wir sch\u00fctzen Ihr Dach vor Wind und Wetter. Vertrauen Sie auf unsere Erfahrung in Steildach-, Flachdach- und Klempnerarbeiten. Hier erfahren Sie mehr \u00fcber unsere Dachdeckerdienstleistungen.<\/p>\n<p>[\/et_pb_accordion_item][et_pb_accordion_item title=&#8221;ENERGETISCHE SANIERUNG&#8221; _builder_version=&#8221;4.27.5&#8243; _module_preset=&#8221;default&#8221; global_colors_info=&#8221;{}&#8221; open=&#8221;off&#8221;]<\/p>\n<p>Wir verbessern die Energieeffizienz Ihres Hauses \u2013 durch D\u00e4mmung, Fassaden- oder Dachsanierungen. Reduzieren Sie Ihre Heizkosten und erh\u00f6hen Sie den Wohnkomfort. Hier erfahren Sie, wie wir energetisch sanieren.<\/p>\n<p>[\/et_pb_accordion_item][et_pb_accordion_item title=&#8221;EINBLAS TECHNIK&#8221; _builder_version=&#8221;4.27.5&#8243; _module_preset=&#8221;default&#8221; global_colors_info=&#8221;{}&#8221; open=&#8221;off&#8221;]<\/p>\n<p>Mit Einblasd\u00e4mmung bringen wir W\u00e4rmeschutz auch an schwer zug\u00e4ngliche Stellen \u2013 effizient und nachhaltig. Entdecken Sie, wie wir Ihr Zuhause energieeffizienter machen.<\/p>\n<p>[\/et_pb_accordion_item][et_pb_accordion_item title=&#8221;ASBEST SANIERUNG&#8221; _builder_version=&#8221;4.27.5&#8243; _module_preset=&#8221;default&#8221; global_colors_info=&#8221;{}&#8221; open=&#8221;off&#8221;]<\/p>\n<p>Wir entfernen Asbest fachgerecht und sicher \u2013 f\u00fcr Ihre Gesundheit und ein sorgenfreies Zuhause. Erfahren Sie hier, wie wir diese sensiblen Arbeiten umsetzen.<\/p>\n<p>[\/et_pb_accordion_item][et_pb_accordion_item title=&#8221;PLANUNG &#038; BERATUNG&#8221; _builder_version=&#8221;4.27.5&#8243; _module_preset=&#8221;default&#8221; global_colors_info=&#8221;{}&#8221; open=&#8221;off&#8221;]<\/p>\n<p>Wir planen Bauprojekte professionell und individuell \u2013 unter Ber\u00fccksichtigung von Baurecht, Vorschriften und Materialien. So wird aus Ihrer Idee ein solides Bauvorhaben. Hier erfahren Sie, wie wir Sie Schritt f\u00fcr Schritt dabei begleiten.<\/p>\n<p>[\/et_pb_accordion_item][\/et_pb_accordion][\/et_pb_column][\/et_pb_row][\/et_pb_section][et_pb_section fb_built=&#8221;1&#8243; custom_padding_last_edited=&#8221;off|desktop&#8221; admin_label=&#8221;Services&#8221; _builder_version=&#8221;4.27.4&#8243; _module_preset=&#8221;default&#8221; background_color=&#8221;#E9ECEB&#8221; background_enable_color=&#8221;off&#8221; background_image=&#8221;https:\/\/test.zimmerei-ratai.de\/wp-content\/uploads\/2025\/03\/flooring-04.jpg&#8221; custom_padding=&#8221;8vw||8vw||true|false&#8221; custom_padding_tablet=&#8221;100px||150px||false|false&#8221; custom_padding_phone=&#8221;60px||100px||false|false&#8221; global_colors_info=&#8221;{}&#8221;][et_pb_row _builder_version=&#8221;4.16&#8243; _module_preset=&#8221;default&#8221; global_colors_info=&#8221;{}&#8221;][et_pb_column type=&#8221;4_4&#8243; _builder_version=&#8221;4.16&#8243; _module_preset=&#8221;default&#8221; global_colors_info=&#8221;{}&#8221;][et_pb_text _builder_version=&#8221;4.27.5&#8243; _module_preset=&#8221;34fe6be3-e88a-4c60-b1b9-adea7439957e&#8221; header_2_font=&#8221;Urbanist|700|||||||&#8221; header_2_text_align=&#8221;center&#8221; header_2_text_color=&#8221;#FFFFFF&#8221; header_2_font_size=&#8221;40px&#8221; header_2_letter_spacing=&#8221;0em&#8221; header_2_line_height=&#8221;1.2em&#8221; background_color=&#8221;#2f5349&#8243; background_enable_pattern_style=&#8221;on&#8221; background_pattern_style=&#8221;scallops&#8221; background_pattern_color=&#8221;RGBA(255,255,255,0)&#8221; text_orientation=&#8221;right&#8221; custom_margin=&#8221;0px||||false|false&#8221; custom_padding=&#8221;10px|39px|10px|27px|false|false&#8221; header_2_font_size_tablet=&#8221;32px&#8221; header_2_font_size_phone=&#8221;20px&#8221; header_2_font_size_last_edited=&#8221;on|phone&#8221; locked=&#8221;off&#8221; global_colors_info=&#8221;{}&#8221;]<\/p>\n<h2 style=\"text-align: left;\">Ob Sanierung, Ausbau oder Neubau: Wir begleiten Sie von der Idee bis zur Umsetzung.<\/h2>\n<p>[\/et_pb_text][et_pb_button button_url=&#8221;mailto:info@ratai.de&#8221; button_text=&#8221;Sie haben Fragen zu unseren Leistungen oder ben\u00f6tigen ein individuelles Angebot? Kontaktieren Sie uns und starten Sie Ihr Bau- oder Sanierungsprojekt mit uns.&#8221; button_alignment=&#8221;left&#8221; _builder_version=&#8221;4.27.5&#8243; _module_preset=&#8221;a93bd5f4-85ca-4af8-aab9-5954042d5969&#8243; custom_button=&#8221;on&#8221; button_text_size=&#8221;14px&#8221; button_text_color=&#8221;#FFFFFF&#8221; button_bg_color=&#8221;#28292D&#8221; button_border_width=&#8221;0px&#8221; button_border_radius=&#8221;0px&#8221; button_letter_spacing=&#8221;0.2em&#8221; button_font=&#8221;Urbanist|700||on|||||&#8221; custom_padding=&#8221;18px|30px|18px|30px|true|true&#8221; custom_padding_tablet=&#8221;16px|20px|16px|20px|true|true&#8221; custom_padding_phone=&#8221;13px|18px|13px|18px|true|true&#8221; custom_padding_last_edited=&#8221;on|phone&#8221; button_text_size_tablet=&#8221;&#8221; button_text_size_phone=&#8221;12px&#8221; button_text_size_last_edited=&#8221;on|phone&#8221; locked=&#8221;off&#8221; global_colors_info=&#8221;{}&#8221; button_bg_color__hover=&#8221;#2F5349&#8243; button_bg_color__hover_enabled=&#8221;on|hover&#8221;][\/et_pb_button][\/et_pb_column][\/et_pb_row][\/et_pb_section]<\/p>\n","protected":false},"excerpt":{"rendered":"<p>Zimmerei- und Holzbauleistungen im \u00dcberblickSie finden bei der Zimmerei Ratai ein breites Spektrum an Dienstleistungen. Wir verbinden traditionelles Handwerk mit modernen Techniken. Auf dieser Seite finden Sie eine \u00dcbersicht unserer Angebote, von der Planung &amp; Beratung \u00fcber Trockenbau bis zu speziellen Techniken wie Einblastechnik oder Asbestsanierung. Jeder Bereich ist mit weiteren Details auf einer Unterseite [&hellip;]<\/p>\n","protected":false},"author":2,"featured_media":0,"parent":0,"menu_order":0,"comment_status":"closed","ping_status":"closed","template":"","meta":{"_et_pb_use_builder":"on","_et_pb_old_content":"","_et_gb_content_width":"","footnotes":""},"class_list":["post-1115","page","type-page","status-publish","hentry"],"_links":{"self":[{"href":"https:\/\/test.zimmerei-ratai.de\/index.php\/wp-json\/wp\/v2\/pages\/1115","targetHints":{"allow":["GET"]}}],"collection":[{"href":"https:\/\/test.zimmerei-ratai.de\/index.php\/wp-json\/wp\/v2\/pages"}],"about":[{"href":"https:\/\/test.zimmerei-ratai.de\/index.php\/wp-json\/wp\/v2\/types\/page"}],"author":[{"embeddable":true,"href":"https:\/\/test.zimmerei-ratai.de\/index.php\/wp-json\/wp\/v2\/users\/2"}],"replies":[{"embeddable":true,"href":"https:\/\/test.zimmerei-ratai.de\/index.php\/wp-json\/wp\/v2\/comments?post=1115"}],"version-history":[{"count":19,"href":"https:\/\/test.zimmerei-ratai.de\/index.php\/wp-json\/wp\/v2\/pages\/1115\/revisions"}],"predecessor-version":[{"id":1603,"href":"https:\/\/test.zimmerei-ratai.de\/index.php\/wp-json\/wp\/v2\/pages\/1115\/revisions\/1603"}],"wp:attachment":[{"href":"https:\/\/test.zimmerei-ratai.de\/index.php\/wp-json\/wp\/v2\/media?parent=1115"}],"curies":[{"name":"wp","href":"https:\/\/api.w.org\/{rel}","templated":true}]}}