{"id":262,"date":"2025-03-06T14:44:30","date_gmt":"2025-03-06T14:44:30","guid":{"rendered":"https:\/\/test.zimmerei-ratai.de\/?page_id=262"},"modified":"2026-04-10T16:10:44","modified_gmt":"2026-04-10T16:10:44","slug":"leistung-1","status":"publish","type":"page","link":"https:\/\/test.zimmerei-ratai.de\/index.php\/leistung-1\/","title":{"rendered":"Zimmerei"},"content":{"rendered":"<p>[et_pb_section fb_built=&#8221;1&#8243; admin_label=&#8221;About&#8221; _builder_version=&#8221;4.16&#8243; _module_preset=&#8221;default&#8221; background_color=&#8221;#E9ECEB&#8221; background_color_gradient_direction=&#8221;90deg&#8221; background_color_gradient_start=&#8221;#e9eceb&#8221; background_color_gradient_end=&#8221;rgba(0,0,0,0)&#8221; background_enable_image=&#8221;off&#8221; custom_padding=&#8221;0px||0px|||&#8221; background_last_edited=&#8221;off|desktop&#8221; use_background_color_gradient_tablet=&#8221;on&#8221; background_color_gradient_stops_tablet=&#8221;rgba(233,236,235,0.8) 0%|rgba(233,236,235,0.8) 100%&#8221; background_color_gradient_start_tablet=&#8221;rgba(233,236,235,0.8)&#8221; background_color_gradient_end_tablet=&#8221;rgba(233,236,235,0.8)&#8221; global_colors_info=&#8221;{}&#8221;][et_pb_row column_structure=&#8221;1_2,1_2&#8243; use_custom_gutter=&#8221;on&#8221; gutter_width=&#8221;1&#8243; _builder_version=&#8221;4.16&#8243; _module_preset=&#8221;default&#8221; custom_padding=&#8221;0px||0px|||&#8221; global_colors_info=&#8221;{}&#8221;][et_pb_column type=&#8221;1_2&#8243; _builder_version=&#8221;4.16&#8243; _module_preset=&#8221;default&#8221; custom_padding=&#8221;100px|60px|||false|false&#8221; custom_padding_tablet=&#8221;40px|0px|40px||true|false&#8221; custom_padding_phone=&#8221;&#8221; custom_padding_last_edited=&#8221;on|phone&#8221; global_colors_info=&#8221;{}&#8221;][et_pb_text _builder_version=&#8221;4.27.5&#8243; _module_preset=&#8221;d72c0383-6487-4f2c-ac5c-7d48a6376757&#8243; header_font=&#8221;Urbanist|700|||||||&#8221; header_text_color=&#8221;#2F5349&#8243; header_font_size=&#8221;36px&#8221; header_line_height=&#8221;1.1em&#8221; background_color=&#8221;RGBA(255,255,255,0)&#8221; z_index=&#8221;1&#8243; max_width=&#8221;650px&#8221; custom_margin=&#8221;||10px||false|false&#8221; custom_margin_tablet=&#8221;|0%|||false|false&#8221; custom_margin_phone=&#8221;|0%|||false|false&#8221; custom_margin_last_edited=&#8221;off|desktop&#8221; header_text_color_tablet=&#8221;#FFFFFF&#8221; header_text_color_phone=&#8221;#FFFFFF&#8221; header_text_color_last_edited=&#8221;off|desktop&#8221; header_font_size_tablet=&#8221;40px&#8221; header_font_size_phone=&#8221;24px&#8221; header_font_size_last_edited=&#8221;on|phone&#8221; locked=&#8221;off&#8221; global_colors_info=&#8221;{}&#8221;]<\/p>\n<h1>Zimmerei = moderner Holzbau<\/h1>\n<p>[\/et_pb_text][et_pb_text _builder_version=&#8221;4.27.5&#8243; _module_preset=&#8221;aec0be99-8a53-4f75-abf2-64f29a8b4cc2&#8243; text_font=&#8221;||||||||&#8221; text_font_size=&#8221;18px&#8221; text_line_height=&#8221;1.8em&#8221; text_font_size_tablet=&#8221;16px&#8221; text_font_size_phone=&#8221;14px&#8221; text_font_size_last_edited=&#8221;on|phone&#8221; locked=&#8221;off&#8221; global_colors_info=&#8221;{}&#8221;]<\/p>\n<p>Die Zimmerei verbindet traditionelles Handwerk mit modernem Holzbau. Sie erfordert Erfahrung, Pr\u00e4zision und individuelle Planung \u2013 von der Dachsanierung bis zum kompletteln Holzrahmenbau.<\/p>\n<p>[\/et_pb_text][et_pb_divider show_divider=&#8221;off&#8221; _builder_version=&#8221;4.27.5&#8243; _module_preset=&#8221;default&#8221; custom_margin=&#8221;0px||0px||false|false&#8221; global_colors_info=&#8221;{}&#8221;][\/et_pb_divider][et_pb_button button_url=&#8221;mailto:info@ratai.de&#8221; button_text=&#8221;Nehmen Sie Kontakt mit uns auf&#8221; button_alignment=&#8221;left&#8221; _builder_version=&#8221;4.27.5&#8243; _module_preset=&#8221;default&#8221; custom_button=&#8221;on&#8221; button_text_size=&#8221;20px&#8221; button_text_color=&#8221;#FFFFFF&#8221; button_bg_color=&#8221;#E9D345&#8243; button_border_width=&#8221;0px&#8221; button_border_radius=&#8221;0px&#8221; button_letter_spacing=&#8221;0px&#8221; button_icon=&#8221;&#x24;||divi||400&#8243; button_icon_placement=&#8221;left&#8221; button_on_hover=&#8221;off&#8221; locked=&#8221;off&#8221; global_colors_info=&#8221;{}&#8221; button_bg_color__hover_enabled=&#8221;on|hover&#8221; button_bg_color__hover=&#8221;#2F5349&#8243; button_bg_enable_color__hover=&#8221;on&#8221;][\/et_pb_button][\/et_pb_column][et_pb_column type=&#8221;1_2&#8243; _builder_version=&#8221;4.16&#8243; _module_preset=&#8221;default&#8221; global_colors_info=&#8221;{}&#8221;][et_pb_image src=&#8221;https:\/\/test.zimmerei-ratai.de\/wp-content\/uploads\/2025\/04\/Dienstleistungen_Ratai_600x780.png&#8221; title_text=&#8221;Dienstleistungen_Ratai_600x780&#8243; _builder_version=&#8221;4.27.4&#8243; _module_preset=&#8221;default&#8221; custom_margin=&#8221;|-10vw|||false|false&#8221; custom_margin_tablet=&#8221;|0vw|||false|false&#8221; custom_margin_phone=&#8221;&#8221; custom_margin_last_edited=&#8221;on|tablet&#8221; global_colors_info=&#8221;{}&#8221;][\/et_pb_image][\/et_pb_column][\/et_pb_row][\/et_pb_section][et_pb_section fb_built=&#8221;1&#8243; admin_label=&#8221;Header&#8221; _builder_version=&#8221;4.27.5&#8243; _module_preset=&#8221;default&#8221; background_color=&#8221;#30534A&#8221; use_background_color_gradient_tablet=&#8221;off&#8221; background_color_gradient_stops_tablet=&#8221;#2b87da 0%|#29c4a9 0%&#8221; background_color_gradient_start_position_tablet=&#8221;0%&#8221; background_color_gradient_end_position_tablet=&#8221;0%&#8221; locked=&#8221;off&#8221; global_colors_info=&#8221;{}&#8221;][et_pb_row column_structure=&#8221;1_2,1_2&#8243; _builder_version=&#8221;4.27.5&#8243; _module_preset=&#8221;default&#8221; custom_padding=&#8221;0px||0px|||&#8221; global_colors_info=&#8221;{}&#8221;][et_pb_column type=&#8221;1_2&#8243; _builder_version=&#8221;4.27.5&#8243; _module_preset=&#8221;default&#8221; global_colors_info=&#8221;{}&#8221;][et_pb_text _builder_version=&#8221;4.27.5&#8243; _module_preset=&#8221;1b046195-0a9f-4962-9ec3-effa28d9d0ff&#8221; text_font_size=&#8221;18px&#8221; text_line_height=&#8221;1.75em&#8221; header_5_font=&#8221;Urbanist|700|||||||&#8221; header_5_font_size=&#8221;20px&#8221; header_5_line_height=&#8221;1.2em&#8221; background_layout=&#8221;dark&#8221; max_width=&#8221;100%&#8221; max_width_tablet=&#8221;100%&#8221; max_width_phone=&#8221;100%&#8221; max_width_last_edited=&#8221;on|tablet&#8221; header_5_font_size_tablet=&#8221;20px&#8221; header_5_font_size_phone=&#8221;16px&#8221; header_5_font_size_last_edited=&#8221;on|desktop&#8221; locked=&#8221;off&#8221; global_colors_info=&#8221;{}&#8221;]<\/p>\n<p>Traditionell ist Zimmerei das Zuschneiden, Abbinden und Aufrichten von Holzkonstruktionen wie Dachst\u00fchlen, Gauben und Carports. Fr\u00fcher gelang das mit klassischen Holzverbindungen, heute \u00fcberwiegend mit Metallverbindern und modernen Schrauben.<\/p>\n<p>&nbsp;<\/p>\n<ul>\n<li><strong>Klassisch:<\/strong> Dachst\u00fchle, Treppen, Carports, Gauben, Schalungen, Sanierung von Fachwerkh\u00e4usern<\/li>\n<\/ul>\n<ul>\n<li><strong>Modern:<\/strong> Holzrahmenbau von Einfamilien- und Mehrfamilienh\u00e4usern, Ingenieurholzbau (Br\u00fccken, Hallen)<\/li>\n<\/ul>\n<p>[\/et_pb_text][\/et_pb_column][et_pb_column type=&#8221;1_2&#8243; _builder_version=&#8221;4.27.5&#8243; _module_preset=&#8221;default&#8221; global_colors_info=&#8221;{}&#8221;][et_pb_image src=&#8221;https:\/\/test.zimmerei-ratai.de\/wp-content\/uploads\/2026\/02\/carpenter-image-41.jpg&#8221; title_text=&#8221;carpenter-image-41&#8243; _builder_version=&#8221;4.27.5&#8243; _module_preset=&#8221;default&#8221; global_colors_info=&#8221;{}&#8221;][\/et_pb_image][\/et_pb_column][\/et_pb_row][\/et_pb_section][et_pb_section fb_built=&#8221;1&#8243; custom_padding_last_edited=&#8221;on|phone&#8221; admin_label=&#8221;Call to Action&#8221; _builder_version=&#8221;4.27.5&#8243; _module_preset=&#8221;default&#8221; background_color=&#8221;#E9ECEB&#8221; use_background_color_gradient=&#8221;on&#8221; background_color_gradient_stops=&#8221;#28292d 0%|rgba(255,255,255,0) 100%&#8221; background_color_gradient_overlays_image=&#8221;on&#8221; background_color_gradient_start=&#8221;#28292d&#8221; background_color_gradient_end=&#8221;rgba(255,255,255,0)&#8221; background_image=&#8221;https:\/\/test.zimmerei-ratai.de\/wp-content\/uploads\/2026\/02\/carpenter-image-41.jpg&#8221; custom_padding=&#8221;5vw||5vw||true|false&#8221; custom_padding_tablet=&#8221;8vw||8vw||true|false&#8221; custom_padding_phone=&#8221;10vw||10vw||true|false&#8221; global_colors_info=&#8221;{}&#8221;][et_pb_row column_structure=&#8221;3_5,2_5&#8243; _builder_version=&#8221;4.16&#8243; _module_preset=&#8221;default&#8221; custom_padding=&#8221;0px||0px|||&#8221; global_colors_info=&#8221;{}&#8221;][et_pb_column type=&#8221;3_5&#8243; _builder_version=&#8221;4.16&#8243; _module_preset=&#8221;default&#8221; background_color=&#8221;#FFFFFF&#8221; custom_padding=&#8221;60px|60px|60px|60px|true|true&#8221; custom_padding_tablet=&#8221;30px|30px|30px|30px|true|true&#8221; custom_padding_phone=&#8221;20px|20px|20px|20px|true|true&#8221; custom_padding_last_edited=&#8221;on|tablet&#8221; global_colors_info=&#8221;{}&#8221;][et_pb_text _builder_version=&#8221;4.27.5&#8243; _module_preset=&#8221;d72c0383-6487-4f2c-ac5c-7d48a6376757&#8243; header_font=&#8221;Urbanist|700|||||||&#8221; header_text_color=&#8221;#2F5349&#8243; header_font_size=&#8221;36px&#8221; header_line_height=&#8221;1.1em&#8221; background_color=&#8221;RGBA(255,255,255,0)&#8221; z_index=&#8221;1&#8243; max_width=&#8221;650px&#8221; custom_margin=&#8221;||10px||false|false&#8221; custom_margin_tablet=&#8221;|0%|||false|false&#8221; custom_margin_phone=&#8221;|0%|||false|false&#8221; custom_margin_last_edited=&#8221;off|desktop&#8221; header_text_color_tablet=&#8221;#FFFFFF&#8221; header_text_color_phone=&#8221;#FFFFFF&#8221; header_text_color_last_edited=&#8221;off|desktop&#8221; header_font_size_tablet=&#8221;40px&#8221; header_font_size_phone=&#8221;24px&#8221; header_font_size_last_edited=&#8221;on|phone&#8221; locked=&#8221;off&#8221; global_colors_info=&#8221;{}&#8221;]<\/p>\n<h1><strong>Welche Leistungen geh\u00f6ren zur Zimmerei?<\/strong><\/h1>\n<p>[\/et_pb_text][et_pb_text _builder_version=&#8221;4.27.5&#8243; _module_preset=&#8221;32021f09-dd67-47fb-8f9a-832b72a38baf&#8221; header_text_color=&#8221;#000000&#8243; header_2_font=&#8221;Urbanist|700|||||||&#8221; header_2_text_color=&#8221;#000000&#8243; header_2_font_size=&#8221;56px&#8221; header_2_letter_spacing=&#8221;-0.02em&#8221; header_2_line_height=&#8221;1.2em&#8221; header_2_font_size_tablet=&#8221;32px&#8221; header_2_font_size_phone=&#8221;20px&#8221; header_2_font_size_last_edited=&#8221;on|phone&#8221; locked=&#8221;off&#8221; global_colors_info=&#8221;{}&#8221;]<\/p>\n<h2><\/h2>\n<ul>\n<li>Dachst\u00fchle zuschneiden &amp; stellen<\/li>\n<li>Gauben, Carports, Anbauten<\/li>\n<li>Innenausbau &amp; Trockenbau<\/li>\n<li>Dachfl\u00e4chenfenster, Dachdecker- und Klempnerarbeiten<\/li>\n<li>Abbund, Zurechtschneiden und Aufstellen von Holzbauwerken<\/li>\n<li>Dachstuhlaufbau, Treppenbau, Fassadenbau<\/li>\n<li>Brandschutz<\/li>\n<li>Energetische Sanierung (D\u00e4mmung &amp; Fassadensanierung)<\/li>\n<li>Arbeit im Neubau und im Bestand (Anbau oder Erweiterung von Wohnraum)<\/li>\n<li>Kleine Holzbauten wie, Gartenh\u00e4user, Z\u00e4une etc.<\/li>\n<\/ul>\n<p>[\/et_pb_text][\/et_pb_column][et_pb_column type=&#8221;2_5&#8243; _builder_version=&#8221;4.16&#8243; _module_preset=&#8221;default&#8221; global_colors_info=&#8221;{}&#8221;][et_pb_image src=&#8221;https:\/\/test.zimmerei-ratai.de\/wp-content\/uploads\/2026\/03\/Timi_Sticker.png&#8221; title_text=&#8221;Timi_Sticker&#8221; _builder_version=&#8221;4.27.5&#8243; _module_preset=&#8221;default&#8221; global_colors_info=&#8221;{}&#8221;][\/et_pb_image][\/et_pb_column][\/et_pb_row][\/et_pb_section][et_pb_section fb_built=&#8221;1&#8243; admin_label=&#8221;Footer&#8221; _builder_version=&#8221;4.27.5&#8243; _module_preset=&#8221;default&#8221; background_color=&#8221;#E9D345&#8243; background_enable_image=&#8221;off&#8221; custom_padding=&#8221;0px||||false|false&#8221; background_last_edited=&#8221;on|desktop&#8221; saved_tabs=&#8221;all&#8221; global_colors_info=&#8221;{}&#8221;][et_pb_row make_equal=&#8221;on&#8221; _builder_version=&#8221;4.27.5&#8243; _module_preset=&#8221;default&#8221; background_color=&#8221;#E9D345&#8243; custom_padding=&#8221;0px||0px||true|false&#8221; global_colors_info=&#8221;{}&#8221;][et_pb_column type=&#8221;4_4&#8243; _builder_version=&#8221;4.27.5&#8243; _module_preset=&#8221;default&#8221; custom_padding=&#8221;100px|60px|30px||false|false&#8221; custom_padding_tablet=&#8221;60px|0px|60px||true|false&#8221; custom_padding_phone=&#8221;60px|0px|60px||true|false&#8221; custom_padding_last_edited=&#8221;on|phone&#8221; global_colors_info=&#8221;{}&#8221;][et_pb_text _builder_version=&#8221;4.27.5&#8243; _module_preset=&#8221;3a5fa9a7-7987-4564-89a5-37b87a5b6ad8&#8243; header_font=&#8221;||||||||&#8221; header_3_font=&#8221;Urbanist|700|||||||&#8221; header_3_text_color=&#8221;gcid-heading-color&#8221; header_3_font_size=&#8221;32px&#8221; header_3_line_height=&#8221;1.4em&#8221; background_layout=&#8221;dark&#8221; custom_margin=&#8221;||10px||false|false&#8221; header_3_font_size_tablet=&#8221;20px&#8221; header_3_font_size_phone=&#8221;20px&#8221; header_3_font_size_last_edited=&#8221;on|phone&#8221; locked=&#8221;off&#8221; global_colors_info=&#8221;{%22gcid-heading-color%22:%91%22header_3_text_color%22%93}&#8221;]<\/p>\n<h3><strong>Wer darf Zimmerei ausf\u00fchren und welche Voraussetzungen m\u00fcssen erf\u00fcllt sein?<\/strong><\/h3>\n<p>[\/et_pb_text][et_pb_text _builder_version=&#8221;4.27.5&#8243; _module_preset=&#8221;1b046195-0a9f-4962-9ec3-effa28d9d0ff&#8221; text_text_color=&#8221;gcid-body-color&#8221; text_font_size=&#8221;18px&#8221; text_line_height=&#8221;1.75em&#8221; header_5_font=&#8221;Urbanist|700|||||||&#8221; header_5_font_size=&#8221;20px&#8221; header_5_line_height=&#8221;1.2em&#8221; background_layout=&#8221;dark&#8221; max_width=&#8221;100%&#8221; max_width_tablet=&#8221;100%&#8221; max_width_phone=&#8221;100%&#8221; max_width_last_edited=&#8221;on|tablet&#8221; hover_enabled=&#8221;0&#8243; header_5_font_size_tablet=&#8221;20px&#8221; header_5_font_size_phone=&#8221;16px&#8221; header_5_font_size_last_edited=&#8221;on|desktop&#8221; locked=&#8221;off&#8221; global_colors_info=&#8221;{%22gcid-body-color%22:%91%22text_text_color%22%93}&#8221; sticky_enabled=&#8221;0&#8243;]<\/p>\n<ul>\n<li>F\u00fcr <strong>selbst gefertigte<\/strong> tragende Holzkonstruktionen ist ein <strong>Meisterbrief notwendig<\/strong>.<\/li>\n<li><strong>Vorgefertigte Dachst\u00fchle\/Bauteile<\/strong> (z. B. Nagelplattenbinder) d\u00fcrfen <strong>ohne Meisterbrief<\/strong> montiert werden.<\/li>\n<li>F\u00fcr Statik ist ein <strong>Tragwerksplaner<\/strong> n\u00f6tig; dessen Vorgaben (Querschnitte, Schrauben, Verbinder) m\u00fcssen fachgerecht umgesetzt werden.<\/li>\n<\/ul>\n<p>Wir erf\u00fcllen alle diese Vorgaben und k\u00f6nnen unseren Kunden deshalb ein breites Angebot rund um Zimmereidienstleistungen anbieten.<\/p>\n<p><strong>Voraussetzungen:<br \/>\n<\/strong><\/p>\n<ul>\n<li>Meisterbrief, Techniker oder Ingenieur notwendig<\/li>\n<li>Einhaltung gesetzlicher Vorgaben: Statik, Energieeinsparverordnung\/Geb\u00e4udeenergiegesetz, Landesbauordnung<\/li>\n<\/ul>\n<p><strong>Einsatzgebiete der Zimmerei sind:<\/strong><\/p>\n<ul>\n<li>Neubau (Dachst\u00fchle, Carports, komplette Holzh\u00e4user)<\/li>\n<li>Sanierung (Gauben, Umbauten, energetische Dach-\/Wandsanierung)<\/li>\n<li>Aufstockungen: oft Holz, da leicht und tragf\u00e4hig<\/li>\n<li>Reparaturen aller Art im Holzbereich<\/li>\n<\/ul>\n<ul><\/ul>\n<p>[\/et_pb_text][\/et_pb_column][\/et_pb_row][\/et_pb_section][et_pb_section fb_built=&#8221;1&#8243; admin_label=&#8221;Call to Action&#8221; _builder_version=&#8221;4.27.5&#8243; _module_preset=&#8221;default&#8221; background_color=&#8221;#E9ECEB&#8221; use_background_color_gradient=&#8221;on&#8221; background_color_gradient_stops=&#8221;#28292d 0%|rgba(255,255,255,0) 100%&#8221; background_color_gradient_overlays_image=&#8221;on&#8221; background_color_gradient_start=&#8221;#28292d&#8221; background_color_gradient_end=&#8221;rgba(255,255,255,0)&#8221; background_image=&#8221;https:\/\/test.zimmerei-ratai.de\/wp-content\/uploads\/2026\/02\/carpenter-image-41.jpg&#8221; custom_padding=&#8221;6vw||6vw||true|false&#8221; global_colors_info=&#8221;{}&#8221;][et_pb_row column_structure=&#8221;3_5,2_5&#8243; _builder_version=&#8221;4.16&#8243; _module_preset=&#8221;default&#8221; custom_padding=&#8221;|||0px||&#8221; global_colors_info=&#8221;{}&#8221;][et_pb_column type=&#8221;3_5&#8243; _builder_version=&#8221;4.16&#8243; _module_preset=&#8221;default&#8221; background_color=&#8221;#FFFFFF&#8221; custom_padding=&#8221;60px|60px|60px|60px|true|true&#8221; custom_padding_tablet=&#8221;30px|30px|30px|30px|true|true&#8221; custom_padding_phone=&#8221;20px|20px|20px|20px|true|true&#8221; custom_padding_last_edited=&#8221;on|tablet&#8221; global_colors_info=&#8221;{}&#8221;][et_pb_text _builder_version=&#8221;4.27.5&#8243; _module_preset=&#8221;3a5fa9a7-7987-4564-89a5-37b87a5b6ad8&#8243; header_font=&#8221;||||||||&#8221; header_3_font=&#8221;Urbanist|700|||||||&#8221; header_3_text_color=&#8221;#2F5349&#8243; header_3_font_size=&#8221;32px&#8221; header_3_line_height=&#8221;1.4em&#8221; background_layout=&#8221;dark&#8221; custom_margin=&#8221;||10px||false|false&#8221; header_3_font_size_tablet=&#8221;20px&#8221; header_3_font_size_phone=&#8221;20px&#8221; header_3_font_size_last_edited=&#8221;on|phone&#8221; locked=&#8221;off&#8221; global_colors_info=&#8221;{}&#8221;]<\/p>\n<h3><strong>Bisherige Kundenanliegen waren:<\/strong><\/h3>\n<p>[\/et_pb_text][et_pb_text _builder_version=&#8221;4.27.5&#8243; _module_preset=&#8221;32021f09-dd67-47fb-8f9a-832b72a38baf&#8221; header_text_color=&#8221;#000000&#8243; header_2_font=&#8221;Urbanist|700|||||||&#8221; header_2_text_color=&#8221;#000000&#8243; header_2_font_size=&#8221;56px&#8221; header_2_letter_spacing=&#8221;-0.02em&#8221; header_2_line_height=&#8221;1.2em&#8221; header_2_font_size_tablet=&#8221;32px&#8221; header_2_font_size_phone=&#8221;20px&#8221; header_2_font_size_last_edited=&#8221;on|phone&#8221; locked=&#8221;off&#8221; global_colors_info=&#8221;{}&#8221;]<\/p>\n<ul>\n<li>Anbauten<\/li>\n<li>Dachsanierungen<\/li>\n<li>Erweiterungen<\/li>\n<li>Reparaturen<\/li>\n<li>kleinere Holzbauten<\/li>\n<\/ul>\n<p>Das war sehr bunt gemischt, aber immer individuelle Einzelprojekte. Jeder Dachstuhl ist ein Unikat.<\/p>\n<ul><\/ul>\n<p>[\/et_pb_text][et_pb_text _builder_version=&#8221;4.27.5&#8243; _module_preset=&#8221;3a5fa9a7-7987-4564-89a5-37b87a5b6ad8&#8243; header_font=&#8221;||||||||&#8221; header_3_font=&#8221;Urbanist|700|||||||&#8221; header_3_text_color=&#8221;#2F5349&#8243; header_3_font_size=&#8221;32px&#8221; header_3_line_height=&#8221;1.4em&#8221; background_layout=&#8221;dark&#8221; custom_margin=&#8221;||10px||false|false&#8221; header_3_font_size_tablet=&#8221;20px&#8221; header_3_font_size_phone=&#8221;20px&#8221; header_3_font_size_last_edited=&#8221;on|phone&#8221; locked=&#8221;off&#8221; global_colors_info=&#8221;{}&#8221;]<\/p>\n<h3><strong>Wie hoch sind die Kosten f\u00fcr Zimmereiprojekte?<\/strong><\/h3>\n<p>[\/et_pb_text][et_pb_text _builder_version=&#8221;4.27.5&#8243; _module_preset=&#8221;32021f09-dd67-47fb-8f9a-832b72a38baf&#8221; header_text_color=&#8221;#000000&#8243; header_2_font=&#8221;Urbanist|700|||||||&#8221; header_2_text_color=&#8221;#000000&#8243; header_2_font_size=&#8221;56px&#8221; header_2_letter_spacing=&#8221;-0.02em&#8221; header_2_line_height=&#8221;1.2em&#8221; header_2_font_size_tablet=&#8221;32px&#8221; header_2_font_size_phone=&#8221;20px&#8221; header_2_font_size_last_edited=&#8221;on|phone&#8221; locked=&#8221;off&#8221; global_colors_info=&#8221;{}&#8221;]<\/p>\n<p>Das ist stark zeit- und materialabh\u00e4ngig, daher kaum pauschal kalkulierbar. Die Preise h\u00e4ngen von der Ausf\u00fchrung und der Materialqualit\u00e4t ab (z. B. g\u00fcnstige vs. Marken-Unterspannbahnen).<br \/>Wir bieten jedem Kunden ein individuelles Angebot an, da Standardpreise nicht anwendbar sind. Hier geht es um Detailarbeit. Diese beeinflusst die Kosten und die Dauer eines Projektes.<\/p>\n<ul><\/ul>\n<p>[\/et_pb_text][et_pb_button button_url=&#8221;mailto:info@ratai.de&#8221; button_text=&#8221;Nehmen Sie Kontakt mit uns auf&#8221; button_alignment=&#8221;left&#8221; _builder_version=&#8221;4.27.5&#8243; _module_preset=&#8221;default&#8221; custom_button=&#8221;on&#8221; button_text_size=&#8221;20px&#8221; button_text_color=&#8221;#FFFFFF&#8221; button_bg_color=&#8221;#E9D345&#8243; button_border_width=&#8221;0px&#8221; button_border_radius=&#8221;0px&#8221; button_letter_spacing=&#8221;0px&#8221; button_icon=&#8221;&#x24;||divi||400&#8243; button_icon_placement=&#8221;left&#8221; button_on_hover=&#8221;off&#8221; locked=&#8221;off&#8221; global_colors_info=&#8221;{}&#8221; button_bg_color__hover_enabled=&#8221;on|hover&#8221; button_bg_color__hover=&#8221;#2F5349&#8243; button_bg_enable_color__hover=&#8221;on&#8221;][\/et_pb_button][\/et_pb_column][et_pb_column type=&#8221;2_5&#8243; _builder_version=&#8221;4.16&#8243; _module_preset=&#8221;default&#8221; global_colors_info=&#8221;{}&#8221;][et_pb_image src=&#8221;https:\/\/test.zimmerei-ratai.de\/wp-content\/uploads\/2026\/03\/Timi_Sticker.png&#8221; title_text=&#8221;Timi_Sticker&#8221; align=&#8221;center&#8221; _builder_version=&#8221;4.27.5&#8243; _module_preset=&#8221;default&#8221; global_colors_info=&#8221;{}&#8221;][\/et_pb_image][\/et_pb_column][\/et_pb_row][\/et_pb_section][et_pb_section fb_built=&#8221;1&#8243; custom_padding_last_edited=&#8221;off|desktop&#8221; admin_label=&#8221;Services&#8221; _builder_version=&#8221;4.27.4&#8243; _module_preset=&#8221;default&#8221; background_color=&#8221;#E9ECEB&#8221; background_enable_color=&#8221;off&#8221; background_image=&#8221;https:\/\/test.zimmerei-ratai.de\/wp-content\/uploads\/2025\/03\/flooring-04.jpg&#8221; custom_padding=&#8221;8vw||8vw||true|false&#8221; custom_padding_tablet=&#8221;100px||150px||false|false&#8221; custom_padding_phone=&#8221;60px||100px||false|false&#8221; global_colors_info=&#8221;{}&#8221;][et_pb_row _builder_version=&#8221;4.16&#8243; _module_preset=&#8221;default&#8221; global_colors_info=&#8221;{}&#8221;][et_pb_column type=&#8221;4_4&#8243; _builder_version=&#8221;4.16&#8243; _module_preset=&#8221;default&#8221; global_colors_info=&#8221;{}&#8221;][et_pb_text _builder_version=&#8221;4.27.5&#8243; _module_preset=&#8221;34fe6be3-e88a-4c60-b1b9-adea7439957e&#8221; header_2_font=&#8221;Urbanist|700|||||||&#8221; header_2_text_align=&#8221;center&#8221; header_2_text_color=&#8221;#FFFFFF&#8221; header_2_font_size=&#8221;40px&#8221; header_2_letter_spacing=&#8221;0em&#8221; header_2_line_height=&#8221;1.2em&#8221; background_color=&#8221;#2f5349&#8243; background_enable_pattern_style=&#8221;on&#8221; background_pattern_style=&#8221;scallops&#8221; background_pattern_color=&#8221;RGBA(255,255,255,0)&#8221; text_orientation=&#8221;right&#8221; custom_margin=&#8221;0px||||false|false&#8221; custom_padding=&#8221;10px|39px|10px|27px|false|false&#8221; header_2_font_size_tablet=&#8221;32px&#8221; header_2_font_size_phone=&#8221;20px&#8221; header_2_font_size_last_edited=&#8221;on|phone&#8221; locked=&#8221;off&#8221; global_colors_info=&#8221;{}&#8221;]<\/p>\n<h2 style=\"text-align: left;\">Keine Standardl\u00f6sungen, sondern echte Handwerksarbeit: Ihr Holzbauprojekt ist so individuell wie Ihr Haus.<\/h2>\n<p>[\/et_pb_text][et_pb_button button_url=&#8221;mailto:info@ratai.de&#8221; button_text=&#8221;Sprechen Sie mit uns \u00fcber Ihre W\u00fcnsche \u2013 wir erstellen Ihnen ein ma\u00dfgeschneidertes Angebot.&#8221; _builder_version=&#8221;4.27.5&#8243; _module_preset=&#8221;a93bd5f4-85ca-4af8-aab9-5954042d5969&#8243; custom_button=&#8221;on&#8221; button_text_size=&#8221;14px&#8221; button_text_color=&#8221;#FFFFFF&#8221; button_bg_color=&#8221;#28292D&#8221; button_border_width=&#8221;0px&#8221; button_border_radius=&#8221;0px&#8221; button_letter_spacing=&#8221;0.2em&#8221; button_font=&#8221;Urbanist|700||on|||||&#8221; custom_padding=&#8221;18px|30px|18px|30px|true|true&#8221; custom_padding_tablet=&#8221;16px|20px|16px|20px|true|true&#8221; custom_padding_phone=&#8221;13px|18px|13px|18px|true|true&#8221; custom_padding_last_edited=&#8221;on|phone&#8221; button_text_size_tablet=&#8221;&#8221; button_text_size_phone=&#8221;12px&#8221; button_text_size_last_edited=&#8221;on|phone&#8221; locked=&#8221;off&#8221; global_colors_info=&#8221;{}&#8221; button_bg_color__hover=&#8221;#2F5349&#8243; button_bg_color__hover_enabled=&#8221;on|hover&#8221;][\/et_pb_button][\/et_pb_column][\/et_pb_row][\/et_pb_section]<\/p>\n","protected":false},"excerpt":{"rendered":"<p>Zimmerei = moderner HolzbauDie Zimmerei verbindet traditionelles Handwerk mit modernem Holzbau. Sie erfordert Erfahrung, Pr\u00e4zision und individuelle Planung \u2013 von der Dachsanierung bis zum kompletteln Holzrahmenbau.Traditionell ist Zimmerei das Zuschneiden, Abbinden und Aufrichten von Holzkonstruktionen wie Dachst\u00fchlen, Gauben und Carports. Fr\u00fcher gelang das mit klassischen Holzverbindungen, heute \u00fcberwiegend mit Metallverbindern und modernen Schrauben. &nbsp; Klassisch: [&hellip;]<\/p>\n","protected":false},"author":2,"featured_media":0,"parent":0,"menu_order":0,"comment_status":"closed","ping_status":"closed","template":"","meta":{"_et_pb_use_builder":"on","_et_pb_old_content":"","_et_gb_content_width":"","footnotes":""},"class_list":["post-262","page","type-page","status-publish","hentry"],"_links":{"self":[{"href":"https:\/\/test.zimmerei-ratai.de\/index.php\/wp-json\/wp\/v2\/pages\/262","targetHints":{"allow":["GET"]}}],"collection":[{"href":"https:\/\/test.zimmerei-ratai.de\/index.php\/wp-json\/wp\/v2\/pages"}],"about":[{"href":"https:\/\/test.zimmerei-ratai.de\/index.php\/wp-json\/wp\/v2\/types\/page"}],"author":[{"embeddable":true,"href":"https:\/\/test.zimmerei-ratai.de\/index.php\/wp-json\/wp\/v2\/users\/2"}],"replies":[{"embeddable":true,"href":"https:\/\/test.zimmerei-ratai.de\/index.php\/wp-json\/wp\/v2\/comments?post=262"}],"version-history":[{"count":48,"href":"https:\/\/test.zimmerei-ratai.de\/index.php\/wp-json\/wp\/v2\/pages\/262\/revisions"}],"predecessor-version":[{"id":1604,"href":"https:\/\/test.zimmerei-ratai.de\/index.php\/wp-json\/wp\/v2\/pages\/262\/revisions\/1604"}],"wp:attachment":[{"href":"https:\/\/test.zimmerei-ratai.de\/index.php\/wp-json\/wp\/v2\/media?parent=262"}],"curies":[{"name":"wp","href":"https:\/\/api.w.org\/{rel}","templated":true}]}}