{"id":336,"date":"2025-03-24T16:22:48","date_gmt":"2025-03-24T16:22:48","guid":{"rendered":"https:\/\/test.zimmerei-ratai.de\/?page_id=336"},"modified":"2025-03-25T19:50:14","modified_gmt":"2025-03-25T19:50:14","slug":"impressum","status":"publish","type":"page","link":"https:\/\/test.zimmerei-ratai.de\/index.php\/impressum\/","title":{"rendered":"Impressum"},"content":{"rendered":"<p>[et_pb_section fb_built=&#8221;1&#8243; custom_padding_last_edited=&#8221;off|desktop&#8221; admin_label=&#8221;Header&#8221; _builder_version=&#8221;4.27.4&#8243; _module_preset=&#8221;default&#8221; background_color=&#8221;#E9ECEB&#8221; background_enable_color=&#8221;off&#8221; use_background_color_gradient=&#8221;on&#8221; background_color_gradient_stops=&#8221;rgba(0,0,0,0.7) 0%|#000000 100%&#8221; background_color_gradient_overlays_image=&#8221;on&#8221; background_color_gradient_start=&#8221;rgba(0,0,0,0.7)&#8221; background_color_gradient_end=&#8221;#000000&#8243; background_image=&#8221;https:\/\/test.zimmerei-ratai.de\/wp-content\/uploads\/2025\/03\/flooring-19.jpg&#8221; custom_padding=&#8221;||||false|false&#8221; custom_padding_tablet=&#8221;80px||||false|false&#8221; custom_padding_phone=&#8221;60px||||false|false&#8221; box_shadow_style=&#8221;preset7&#8243; box_shadow_horizontal=&#8221;0px&#8221; box_shadow_vertical=&#8221;-250px&#8221; box_shadow_color=&#8221;#99582F&#8221; box_shadow_vertical_tablet=&#8221;-200px&#8221; box_shadow_vertical_phone=&#8221;-150px&#8221; box_shadow_vertical_last_edited=&#8221;on|phone&#8221; global_colors_info=&#8221;{}&#8221;][et_pb_row _builder_version=&#8221;4.27.4&#8243; _module_preset=&#8221;default&#8221; global_colors_info=&#8221;{}&#8221;][et_pb_column type=&#8221;4_4&#8243; _builder_version=&#8221;4.16&#8243; _module_preset=&#8221;default&#8221; global_colors_info=&#8221;{}&#8221;][et_pb_text admin_label=&#8221;Text&#8221; _builder_version=&#8221;4.27.4&#8243; _module_preset=&#8221;d72c0383-6487-4f2c-ac5c-7d48a6376757&#8243; header_font=&#8221;Urbanist|700|||||||&#8221; header_text_color=&#8221;#FFFFFF&#8221; header_font_size=&#8221;80px&#8221; header_line_height=&#8221;1.1em&#8221; custom_margin=&#8221;||10px||false|false&#8221; header_font_size_tablet=&#8221;40px&#8221; header_font_size_phone=&#8221;24px&#8221; header_font_size_last_edited=&#8221;on|phone&#8221; global_colors_info=&#8221;{}&#8221;]<\/p>\n<h1><em>Impressum<\/em><\/h1>\n<p>[\/et_pb_text][\/et_pb_column][\/et_pb_row][\/et_pb_section][et_pb_section fb_built=&#8221;1&#8243; admin_label=&#8221;FAQ&#8221; _builder_version=&#8221;4.16&#8243; _module_preset=&#8221;default&#8221; background_color=&#8221;#E9ECEB&#8221; locked=&#8221;off&#8221; global_colors_info=&#8221;{}&#8221;][et_pb_row _builder_version=&#8221;4.27.4&#8243; _module_preset=&#8221;default&#8221;][et_pb_column _builder_version=&#8221;4.27.4&#8243; _module_preset=&#8221;default&#8221; type=&#8221;4_4&#8243;][et_pb_text _builder_version=&#8221;4.27.4&#8243; _module_preset=&#8221;default&#8221; hover_enabled=&#8221;0&#8243; sticky_enabled=&#8221;0&#8243;]<\/p>\n<h2 id=\"m46\">Diensteanbieter<\/h2>\n<p>Zimmerei Ratai<\/p>\n<p>Marc Thomas Ratai<\/p>\n<p>Heideland-S\u00fcd 2<\/p>\n<p>24976 Handewitt<\/p>\n<p>&nbsp;<\/p>\n<h2>Kontaktm\u00f6glichkeiten<\/h2>\n<p>E-Mail-Adresse: <a href=\"mailto:info@ratai.de\">info@ratai.de<\/a><\/p>\n<p>Telefon: 0461 &#8211; 310 72 48<\/p>\n<p>&nbsp;<\/p>\n<h2>Gesch\u00e4ftsf\u00fchrer<\/h2>\n<p>Marc Thomas Ratai<\/p>\n<p>Umsatzsteuernummer-Id.: DE 257248997<\/p>\n<p>&nbsp;<\/p>\n<h2>Haftungs- und Schutzrechtshinweise<\/h2>\n<p>Haftungsausschluss: Die Inhalte dieses Onlineangebotes wurden sorgf\u00e4ltig und nach unserem aktuellen Kenntnisstand erstellt, dienen jedoch nur der Information und entfalten keine rechtlich bindende Wirkung, sofern es sich nicht um gesetzlich verpflichtende Informationen (z. B. das Impressum, die Datenschutzerkl\u00e4rung, AGB oder verpflichtende Belehrungen von Verbrauchern) handelt. Wir behalten uns vor, die Inhalte vollst\u00e4ndig oder teilweise zu \u00e4ndern oder zu l\u00f6schen, soweit vertragliche Verpflichtungen unber\u00fchrt bleiben. Alle Angebote sind freibleibend und unverbindlich.<\/p>\n<p>Urheberrechte und Markenrechte: Alle auf dieser Website dargestellten Inhalte, wie Texte, Fotografien, Grafiken, Marken und Warenzeichen sind durch die jeweiligen Schutzrechte (Urheberrechte, Markenrechte) gesch\u00fctzt. Die Verwendung, Vervielf\u00e4ltigung usw. unterliegen unseren Rechten oder den Rechten der jeweiligen Urheber bzw. Rechteinhaber.<\/p>\n<p>[\/et_pb_text][\/et_pb_column][\/et_pb_row][\/et_pb_section][et_pb_section fb_built=&#8221;1&#8243; admin_label=&#8221;Footer&#8221; _builder_version=&#8221;4.27.4&#8243; _module_preset=&#8221;default&#8221; background_color=&#8221;#2F5349&#8243; use_background_color_gradient=&#8221;on&#8221; background_color_gradient_direction=&#8221;90deg&#8221; background_color_gradient_stops=&#8221;#2f5349 56%|rgba(0,0,0,0) 56%&#8221; background_color_gradient_overlays_image=&#8221;on&#8221; background_color_gradient_start=&#8221;#2f5349&#8243; background_color_gradient_start_position=&#8221;56%&#8221; background_color_gradient_end=&#8221;rgba(0,0,0,0)&#8221; background_color_gradient_end_position=&#8221;56%&#8221; background_image=&#8221;https:\/\/test.zimmerei-ratai.de\/wp-content\/uploads\/2025\/03\/flooring-19.jpg&#8221; custom_padding=&#8221;0px||||false|false&#8221; hover_enabled=&#8221;0&#8243; background_last_edited=&#8221;on|desktop&#8221; background_color_gradient_stops_tablet=&#8221;#2f5349 100%|rgba(0,0,0,0) 100%&#8221; background_color_gradient_start_position_tablet=&#8221;100%&#8221; background_color_gradient_end_position_tablet=&#8221;100%&#8221; background_enable_image_tablet=&#8221;off&#8221; saved_tabs=&#8221;all&#8221; global_colors_info=&#8221;{}&#8221; sticky_enabled=&#8221;0&#8243;][\/et_pb_section]<\/p>\n","protected":false},"excerpt":{"rendered":"<p>ImpressumDiensteanbieter Zimmerei Ratai Marc Thomas Ratai Heideland-S\u00fcd 2 24976 Handewitt &nbsp; Kontaktm\u00f6glichkeiten E-Mail-Adresse: info@ratai.de Telefon: 0461 &#8211; 310 72 48 &nbsp; Gesch\u00e4ftsf\u00fchrer Marc Thomas Ratai Umsatzsteuernummer-Id.: DE 257248997 &nbsp; Haftungs- und Schutzrechtshinweise Haftungsausschluss: Die Inhalte dieses Onlineangebotes wurden sorgf\u00e4ltig und nach unserem aktuellen Kenntnisstand erstellt, dienen jedoch nur der Information und entfalten keine rechtlich bindende [&hellip;]<\/p>\n","protected":false},"author":2,"featured_media":0,"parent":0,"menu_order":0,"comment_status":"closed","ping_status":"closed","template":"","meta":{"_et_pb_use_builder":"on","_et_pb_old_content":"","_et_gb_content_width":"","footnotes":""},"class_list":["post-336","page","type-page","status-publish","hentry"],"_links":{"self":[{"href":"https:\/\/test.zimmerei-ratai.de\/index.php\/wp-json\/wp\/v2\/pages\/336","targetHints":{"allow":["GET"]}}],"collection":[{"href":"https:\/\/test.zimmerei-ratai.de\/index.php\/wp-json\/wp\/v2\/pages"}],"about":[{"href":"https:\/\/test.zimmerei-ratai.de\/index.php\/wp-json\/wp\/v2\/types\/page"}],"author":[{"embeddable":true,"href":"https:\/\/test.zimmerei-ratai.de\/index.php\/wp-json\/wp\/v2\/users\/2"}],"replies":[{"embeddable":true,"href":"https:\/\/test.zimmerei-ratai.de\/index.php\/wp-json\/wp\/v2\/comments?post=336"}],"version-history":[{"count":8,"href":"https:\/\/test.zimmerei-ratai.de\/index.php\/wp-json\/wp\/v2\/pages\/336\/revisions"}],"predecessor-version":[{"id":352,"href":"https:\/\/test.zimmerei-ratai.de\/index.php\/wp-json\/wp\/v2\/pages\/336\/revisions\/352"}],"wp:attachment":[{"href":"https:\/\/test.zimmerei-ratai.de\/index.php\/wp-json\/wp\/v2\/media?parent=336"}],"curies":[{"name":"wp","href":"https:\/\/api.w.org\/{rel}","templated":true}]}}